{"id":909,"date":"2021-10-28T18:57:37","date_gmt":"2021-10-28T16:57:37","guid":{"rendered":"https:\/\/extravadance.nhhs.no\/?page_id=909"},"modified":"2025-06-08T19:19:46","modified_gmt":"2025-06-08T17:19:46","slug":"om-oss","status":"publish","type":"page","link":"https:\/\/extravadance.nhhs.no\/index.php\/om-oss\/","title":{"rendered":"Booking"},"content":{"rendered":"<div class=\"fusion-fullwidth fullwidth-box fusion-builder-row-1 fusion-flex-container nonhundred-percent-fullwidth non-hundred-percent-height-scrolling\" style=\"--awb-border-radius-top-left:0px;--awb-border-radius-top-right:0px;--awb-border-radius-bottom-right:0px;--awb-border-radius-bottom-left:0px;--awb-flex-wrap:wrap;\" ><div class=\"fusion-builder-row fusion-row fusion-flex-align-items-flex-start fusion-flex-content-wrap\" style=\"max-width:1185.6px;margin-left: calc(-4% \/ 2 );margin-right: calc(-4% \/ 2 );\"><div class=\"fusion-layout-column fusion_builder_column fusion-builder-column-0 fusion_builder_column_1_1 1_1 fusion-flex-column\" style=\"--awb-bg-size:cover;--awb-width-large:100%;--awb-margin-top-large:0px;--awb-spacing-right-large:1.92%;--awb-margin-bottom-large:0px;--awb-spacing-left-large:1.92%;--awb-width-medium:100%;--awb-order-medium:0;--awb-spacing-right-medium:1.92%;--awb-spacing-left-medium:1.92%;--awb-width-small:100%;--awb-order-small:0;--awb-spacing-right-small:1.92%;--awb-spacing-left-small:1.92%;\"><div class=\"fusion-column-wrapper fusion-column-has-shadow fusion-flex-justify-content-flex-start fusion-content-layout-column\"><div class=\"fusion-text fusion-text-1\" style=\"--awb-font-size:20px;--awb-text-transform:none;--awb-text-font-family:&#039;Bookman Old Style&#039;, serif;--awb-text-font-style:normal;--awb-text-font-weight:400;\"><p style=\"text-align: center;\">Kontaktperson: Aurora Malthe-S\u00f8renssen<\/p>\n<p style=\"text-align: center;\">E-post: extravadance.pr@nhhs.no<\/p>\n<p style=\"text-align: center;\">Telefon: 45 11 77 11<\/p>\n<p><span style=\"font-weight: 400;\">For \u00e5 kunne gi best mulig opptreden trenger vi en scene eller annen \u00e5pen plass for fremf\u00f8ringen, samt at du stiller med lys og lyd. Ta eventuelt kontakt hvis det er noe dere mangler, s\u00e5 kan vi pr\u00f8ve \u00e5 finne en l\u00f8sning! <\/span><\/p>\n<\/div><\/div><\/div><\/div><\/div>\n","protected":false},"excerpt":{"rendered":"","protected":false},"author":1,"featured_media":0,"parent":0,"menu_order":0,"comment_status":"closed","ping_status":"closed","template":"","meta":{"footnotes":""},"class_list":["post-909","page","type-page","status-publish","hentry"],"_links":{"self":[{"href":"https:\/\/extravadance.nhhs.no\/index.php\/wp-json\/wp\/v2\/pages\/909","targetHints":{"allow":["GET"]}}],"collection":[{"href":"https:\/\/extravadance.nhhs.no\/index.php\/wp-json\/wp\/v2\/pages"}],"about":[{"href":"https:\/\/extravadance.nhhs.no\/index.php\/wp-json\/wp\/v2\/types\/page"}],"author":[{"embeddable":true,"href":"https:\/\/extravadance.nhhs.no\/index.php\/wp-json\/wp\/v2\/users\/1"}],"replies":[{"embeddable":true,"href":"https:\/\/extravadance.nhhs.no\/index.php\/wp-json\/wp\/v2\/comments?post=909"}],"version-history":[{"count":19,"href":"https:\/\/extravadance.nhhs.no\/index.php\/wp-json\/wp\/v2\/pages\/909\/revisions"}],"predecessor-version":[{"id":1138,"href":"https:\/\/extravadance.nhhs.no\/index.php\/wp-json\/wp\/v2\/pages\/909\/revisions\/1138"}],"wp:attachment":[{"href":"https:\/\/extravadance.nhhs.no\/index.php\/wp-json\/wp\/v2\/media?parent=909"}],"curies":[{"name":"wp","href":"https:\/\/api.w.org\/{rel}","templated":true}]}}